{"id":13,"date":"2024-05-29T08:14:28","date_gmt":"2024-05-29T08:14:28","guid":{"rendered":"https:\/\/demo2.thomasportugal.com\/?page_id=13"},"modified":"2026-02-23T14:34:46","modified_gmt":"2026-02-23T14:34:46","slug":"contactos","status":"publish","type":"page","link":"https:\/\/thomasportugal.com\/en\/contactos\/","title":{"rendered":"Contacts"},"content":{"rendered":"<div data-elementor-type=\"wp-page\" data-elementor-id=\"13\" class=\"elementor elementor-13\">\n\t\t\t\t<div class=\"elementor-element elementor-element-322c381 e-flex e-con-boxed e-con e-parent\" data-id=\"322c381\" data-element_type=\"container\">\n\t\t\t\t\t<div class=\"e-con-inner\">\n\t\t\t\t<div class=\"elementor-element elementor-element-62f3a9e elementor-widget elementor-widget-spacer\" data-id=\"62f3a9e\" data-element_type=\"widget\" data-widget_type=\"spacer.default\">\n\t\t\t\t<div class=\"elementor-widget-container\">\n\t\t\t\t\t\t\t<div class=\"elementor-spacer\">\n\t\t\t<div class=\"elementor-spacer-inner\"><\/div>\n\t\t<\/div>\n\t\t\t\t\t\t<\/div>\n\t\t\t\t<\/div>\n\t\t\t\t\t<\/div>\n\t\t\t\t<\/div>\n\t\t<div class=\"elementor-element elementor-element-9f6d317 e-flex e-con-boxed e-con e-parent\" data-id=\"9f6d317\" data-element_type=\"container\" data-settings=\"{&quot;background_background&quot;:&quot;gradient&quot;}\">\n\t\t\t\t\t<div class=\"e-con-inner\">\n\t\t<div class=\"elementor-element elementor-element-f1e8e3f e-con-full e-flex e-con e-child\" data-id=\"f1e8e3f\" data-element_type=\"container\">\n\t\t\t\t<div class=\"elementor-element elementor-element-4a752bd elementor-widget elementor-widget-spacer\" data-id=\"4a752bd\" data-element_type=\"widget\" data-widget_type=\"spacer.default\">\n\t\t\t\t<div class=\"elementor-widget-container\">\n\t\t\t\t\t\t\t<div class=\"elementor-spacer\">\n\t\t\t<div class=\"elementor-spacer-inner\"><\/div>\n\t\t<\/div>\n\t\t\t\t\t\t<\/div>\n\t\t\t\t<\/div>\n\t\t\t\t<div class=\"elementor-element elementor-element-2dac30b elementor-widget elementor-widget-heading\" data-id=\"2dac30b\" data-element_type=\"widget\" data-widget_type=\"heading.default\">\n\t\t\t\t<div class=\"elementor-widget-container\">\n\t\t\t\t\t<h2 class=\"elementor-heading-title elementor-size-default\">Transforme as suas necessidades em solu\u00e7\u00f5es concretas<\/h2>\t\t\t\t<\/div>\n\t\t\t\t<\/div>\n\t\t\t\t<div class=\"elementor-element elementor-element-3716f3b elementor-widget elementor-widget-text-editor\" data-id=\"3716f3b\" data-element_type=\"widget\" data-widget_type=\"text-editor.default\">\n\t\t\t\t<div class=\"elementor-widget-container\">\n\t\t\t\t\t\t\t\t\t<p>Preencha com os seus dados e a nossa equipa responder\u00e1 o mais breve poss\u00edvel.<\/p><p>Queremos tornar tudo mais simples e claro para si!<\/p>\t\t\t\t\t\t\t\t<\/div>\n\t\t\t\t<\/div>\n\t\t\t\t<\/div>\n\t\t<div class=\"elementor-element elementor-element-2c59a84 e-con-full e-flex e-con e-child\" data-id=\"2c59a84\" data-element_type=\"container\" data-settings=\"{&quot;background_background&quot;:&quot;gradient&quot;}\">\n\t\t\t\t<div class=\"elementor-element elementor-element-7ff020d elementor-widget elementor-widget-wpforms\" data-id=\"7ff020d\" data-element_type=\"widget\" data-widget_type=\"wpforms.default\">\n\t\t\t\t<div class=\"elementor-widget-container\">\n\t\t\t\t\t<style id=\"wpforms-css-vars-elementor-widget-7ff020d\">\n\t\t\t\t.elementor-widget-wpforms.elementor-element-7ff020d {\n\t\t\t\t--wpforms-field-border-radius: 15px;\n--wpforms-field-border-color: #8C8C8C;\n--wpforms-field-border-color-spare: #8C8C8C;\n--wpforms-field-text-color: #000000;\n--wpforms-label-color: #262626;\n--wpforms-label-sublabel-color: #080808;\n--wpforms-label-error-color: #ff0000;\n--wpforms-button-border-style: solid;\n--wpforms-button-background-color: #dddddd;\n--wpforms-button-border-color: #cccccc;\n--wpforms-button-text-color: #FFFFFF;\n--wpforms-page-break-color: #dddddd;\n--wpforms-label-size-font-size: 14px;\n--wpforms-label-size-line-height: 17px;\n--wpforms-label-size-sublabel-font-size: 13px;\n--wpforms-label-size-sublabel-line-height: 16px;\n\t\t\t}\n\t\t\t<\/style><div class=\"wpforms-container wpforms-container-full wpforms-render-modern\" id=\"wpforms-5500\"><form id=\"wpforms-form-5500\" class=\"wpforms-validate wpforms-form wpforms-ajax-form\" data-formid=\"5500\" method=\"post\" enctype=\"multipart\/form-data\" action=\"\/en\/wp-json\/wp\/v2\/pages\/13\" data-token=\"4f8d8af69da31c4db318eac8f3eb5fd1\" data-token-time=\"1777958111\" data-trp-original-action=\"\/en\/wp-json\/wp\/v2\/pages\/13\"><noscript class=\"wpforms-error-noscript\">Please enable JavaScript in your browser to complete this form.<\/noscript><div id=\"wpforms-error-noscript\" style=\"display: none;\">Please enable JavaScript in your browser to complete this form.<\/div><div class=\"wpforms-field-container\">\t\t<div id=\"wpforms-5500-field_1-container\"\n\t\t\tclass=\"wpforms-field wpforms-field-text\"\n\t\t\tdata-field-type=\"text\"\n\t\t\tdata-field-id=\"1\"\n\t\t\t>\n\t\t\t<label class=\"wpforms-field-label\" for=\"wpforms-5500-field_1\" >Consentimento Nome \u00e9<\/label>\n\t\t\t<input type=\"text\" id=\"wpforms-5500-field_1\" class=\"wpforms-field-medium\" name=\"wpforms[fields][1]\" >\n\t\t<\/div>\n\t\t<div id=\"wpforms-5500-field_2-container\" class=\"wpforms-field wpforms-field-text\" data-field-id=\"2\"><label class=\"wpforms-field-label\" for=\"wpforms-5500-field_2\">Name <span class=\"wpforms-required-label\" aria-hidden=\"true\">*<\/span><\/label><input type=\"text\" id=\"wpforms-5500-field_2\" class=\"wpforms-field-large wpforms-field-required\" name=\"wpforms[fields][2]\" placeholder=\"Name \" aria-errormessage=\"wpforms-5500-field_2-error\" required><\/div><div id=\"wpforms-5500-field_3-container\" class=\"wpforms-field wpforms-field-email\" data-field-id=\"3\"><label class=\"wpforms-field-label\" for=\"wpforms-5500-field_3\">Corporative e-mail <span class=\"wpforms-required-label\" aria-hidden=\"true\">*<\/span><\/label><input type=\"email\" id=\"wpforms-5500-field_3\" class=\"wpforms-field-large wpforms-field-required\" name=\"wpforms[fields][3]\" placeholder=\"Corporative e-mail\" spellcheck=\"false\" aria-errormessage=\"wpforms-5500-field_3-error\" required><\/div><div id=\"wpforms-5500-field_5-container\" class=\"wpforms-field wpforms-field-number\" data-field-id=\"5\"><label class=\"wpforms-field-label\" for=\"wpforms-5500-field_5\">Telephone <span class=\"wpforms-required-label\" aria-hidden=\"true\">*<\/span><\/label><input type=\"number\" id=\"wpforms-5500-field_5\" class=\"wpforms-field-large wpforms-field-required\" name=\"wpforms[fields][5]\" placeholder=\"Telephone\" step=\"any\" aria-errormessage=\"wpforms-5500-field_5-error\" required><\/div><div id=\"wpforms-5500-field_6-container\" class=\"wpforms-field wpforms-field-text\" data-field-id=\"6\"><label class=\"wpforms-field-label\" for=\"wpforms-5500-field_6\">Organisation name <span class=\"wpforms-required-label\" aria-hidden=\"true\">*<\/span><\/label><input type=\"text\" id=\"wpforms-5500-field_6\" class=\"wpforms-field-large wpforms-field-required\" name=\"wpforms[fields][6]\" placeholder=\"Organisation name\" aria-errormessage=\"wpforms-5500-field_6-error\" required><\/div><div id=\"wpforms-5500-field_7-container\" class=\"wpforms-field wpforms-field-select wpforms-field-select-style-classic\" data-field-id=\"7\"><label class=\"wpforms-field-label\" for=\"wpforms-5500-field_7\">What is your position in your organization? <span class=\"wpforms-required-label\" aria-hidden=\"true\">*<\/span><\/label><select id=\"wpforms-5500-field_7\" class=\"wpforms-field-large wpforms-field-required\" name=\"wpforms[fields][7]\" required=\"required\"><option value=\"Diretor Geral\/CEO\/Gerente\"  class=\"choice-1 depth-1\"  >Diretor Geral\/CEO\/Gerente<\/option><option value=\"Diretor de Recursos Humanos\"  class=\"choice-2 depth-1\"  >Diretor de Recursos Humanos<\/option><option value=\"T\u00e9cnico de Recursos Humanos\"  class=\"choice-3 depth-1\"  >T\u00e9cnico de Recursos Humanos<\/option><option value=\"Outro\"  class=\"choice-4 depth-1\"  >Outro<\/option><\/select><\/div><div id=\"wpforms-5500-field_4-container\" class=\"wpforms-field wpforms-field-checkbox wpforms-list-2-columns\" data-field-id=\"4\"><fieldset><legend class=\"wpforms-field-label\">What are you interested in? <span class=\"wpforms-required-label\" aria-hidden=\"true\">*<\/span><\/legend><ul id=\"wpforms-5500-field_4\" class=\"wpforms-field-required\"><li class=\"choice-1 depth-1\"><input type=\"checkbox\" id=\"wpforms-5500-field_4_1\" name=\"wpforms[fields][4][]\" value=\"Plataforma de Assessments\" aria-errormessage=\"wpforms-5500-field_4_1-error\" required><label class=\"wpforms-field-label-inline\" for=\"wpforms-5500-field_4_1\">Assessment Platform<\/label><\/li><li class=\"choice-2 depth-1\"><input type=\"checkbox\" id=\"wpforms-5500-field_4_2\" name=\"wpforms[fields][4][]\" value=\"Plataforma de Recrutamento - ATS\" aria-errormessage=\"wpforms-5500-field_4_2-error\" required><label class=\"wpforms-field-label-inline\" for=\"wpforms-5500-field_4_2\">Recruitment Platform - ATS<\/label><\/li><li class=\"choice-3 depth-1\"><input type=\"checkbox\" id=\"wpforms-5500-field_4_3\" name=\"wpforms[fields][4][]\" value=\"Plataforma de Gest\u00e3o de Procedimentos Concursais\" aria-errormessage=\"wpforms-5500-field_4_3-error\" required><label class=\"wpforms-field-label-inline\" for=\"wpforms-5500-field_4_3\">Plataforma de Gest\u00e3o de Procedimentos Concursais<\/label><\/li><li class=\"choice-4 depth-1\"><input type=\"checkbox\" id=\"wpforms-5500-field_4_4\" name=\"wpforms[fields][4][]\" value=\"Plataforma de Gest\u00e3o de Pessoas\" aria-errormessage=\"wpforms-5500-field_4_4-error\" required><label class=\"wpforms-field-label-inline\" for=\"wpforms-5500-field_4_4\">People Management Platform<\/label><\/li><li class=\"choice-5 depth-1\"><input type=\"checkbox\" id=\"wpforms-5500-field_4_5\" name=\"wpforms[fields][4][]\" value=\"Servi\u00e7os de Consultoria RH\" aria-errormessage=\"wpforms-5500-field_4_5-error\" required><label class=\"wpforms-field-label-inline\" for=\"wpforms-5500-field_4_5\">HR Consulting Services<\/label><\/li><li class=\"choice-6 depth-1\"><input type=\"checkbox\" id=\"wpforms-5500-field_4_6\" name=\"wpforms[fields][4][]\" value=\"Servi\u00e7os de Consultoria IT\" aria-errormessage=\"wpforms-5500-field_4_6-error\" required><label class=\"wpforms-field-label-inline\" for=\"wpforms-5500-field_4_6\">IT Consulting Services<\/label><\/li><li class=\"choice-7 depth-1\"><input type=\"checkbox\" id=\"wpforms-5500-field_4_7\" name=\"wpforms[fields][4][]\" value=\"Programa Lideran\u00e7a Blanchard\" aria-errormessage=\"wpforms-5500-field_4_7-error\" required><label class=\"wpforms-field-label-inline\" for=\"wpforms-5500-field_4_7\">Blanchard Leadership Program<\/label><\/li><li class=\"choice-8 depth-1\"><input type=\"checkbox\" id=\"wpforms-5500-field_4_8\" name=\"wpforms[fields][4][]\" value=\"Portal de den\u00fancias\" aria-errormessage=\"wpforms-5500-field_4_8-error\" required><label class=\"wpforms-field-label-inline\" for=\"wpforms-5500-field_4_8\">Complaints portal<\/label><\/li><\/ul><\/fieldset><\/div><div id=\"wpforms-5500-field_8-container\" class=\"wpforms-field wpforms-field-checkbox\" data-field-id=\"8\"><fieldset><legend class=\"wpforms-field-label\">Consent <span class=\"wpforms-required-label\" aria-hidden=\"true\">*<\/span><\/legend><ul id=\"wpforms-5500-field_8\" class=\"wpforms-field-required\"><li class=\"choice-1 depth-1 wpforms-selected\"><input type=\"checkbox\" id=\"wpforms-5500-field_8_1\" name=\"wpforms[fields][8][]\" value=\"Aceito ser contactado atrav\u00e9s dos dados inseridos\" aria-errormessage=\"wpforms-5500-field_8_1-error\" required checked='checked'><label class=\"wpforms-field-label-inline\" for=\"wpforms-5500-field_8_1\">I agree to be contacted using the details provided.<\/label><\/li><\/ul><\/fieldset><\/div><script>\n\t\t\t\t( function() {\n\t\t\t\t\tconst style = document.createElement( 'style' );\n\t\t\t\t\tstyle.appendChild( document.createTextNode( '#wpforms-5500-field_1-container { position: absolute !important; overflow: hidden !important; display: inline !important; height: 1px !important; width: 1px !important; z-index: -1000 !important; padding: 0 !important; } #wpforms-5500-field_1-container input { visibility: hidden; } #wpforms-conversational-form-page #wpforms-5500-field_1-container label { counter-increment: none; }' ) );\n\t\t\t\t\tdocument.head.appendChild( style );\n\t\t\t\t\tdocument.currentScript?.remove();\n\t\t\t\t} )();\n\t\t\t<\/script><\/div><!-- .wpforms-field-container --><div class=\"wpforms-submit-container\" ><input type=\"hidden\" name=\"wpforms[id]\" value=\"5500\"><input type=\"hidden\" name=\"page_title\" value=\"\"><input type=\"hidden\" name=\"page_url\" value=\"https:\/\/thomasportugal.com\/en\/wp-json\/wp\/v2\/pages\/13\"><input type=\"hidden\" name=\"url_referer\" value=\"\"><button type=\"submit\" name=\"wpforms[submit]\" id=\"wpforms-submit-5500\" class=\"wpforms-submit\" data-alt-text=\"A enviar...\" data-submit-text=\"Enviar\" aria-live=\"assertive\" value=\"wpforms-submit\">Send<\/button><img decoding=\"async\" src=\"https:\/\/thomasportugal.com\/wp-content\/plugins\/wpforms-lite\/assets\/images\/submit-spin.svg\" class=\"wpforms-submit-spinner\" style=\"display: none;\" width=\"26\" height=\"26\" alt=\"Loading\"><\/div><input type=\"hidden\" name=\"trp-form-language\" value=\"en\"\/><\/form><\/div>  <!-- .wpforms-container -->\t\t\t\t<\/div>\n\t\t\t\t<\/div>\n\t\t\t\t<\/div>\n\t\t\t\t\t<\/div>\n\t\t\t\t<\/div>\n\t\t\t\t<\/div>","protected":false},"excerpt":{"rendered":"<p>Transforme as suas necessidades em solu\u00e7\u00f5es concretas Preencha com os seus dados e a nossa equipa responder\u00e1 o mais breve poss\u00edvel. Queremos tornar tudo mais simples e claro para si! Please enable JavaScript in your browser to complete this form.Please enable JavaScript in your browser to complete this form.Nome *Email corporativo *Telem\u00f3vel *Nome da sua [&hellip;]<\/p>","protected":false},"author":2,"featured_media":0,"parent":0,"menu_order":0,"comment_status":"closed","ping_status":"closed","template":"","meta":{"footnotes":""},"class_list":["post-13","page","type-page","status-publish","hentry"],"yoast_head":"<!-- This site is optimized with the Yoast SEO plugin v26.6 - https:\/\/yoast.com\/wordpress\/plugins\/seo\/ -->\n<title>Contactos - Thomas Portugal<\/title>\n<meta name=\"description\" content=\"Contactos Thomas | Com uma equipa sempre disposta a ajudar, estamos \u00e0 dist\u00e2ncia de um contacto para que possa ter o melhor servi\u00e7o e produto\" \/>\n<meta name=\"robots\" content=\"index, follow, max-snippet:-1, max-image-preview:large, max-video-preview:-1\" \/>\n<link rel=\"canonical\" href=\"https:\/\/thomasportugal.com\/en\/contactos\/\" \/>\n<meta property=\"og:locale\" content=\"en_GB\" \/>\n<meta property=\"og:type\" content=\"article\" \/>\n<meta property=\"og:title\" content=\"Contactos - Thomas Portugal\" \/>\n<meta property=\"og:description\" content=\"Contactos Thomas | Com uma equipa sempre disposta a ajudar, estamos \u00e0 dist\u00e2ncia de um contacto para que possa ter o melhor servi\u00e7o e produto\" \/>\n<meta property=\"og:url\" content=\"https:\/\/thomasportugal.com\/en\/contactos\/\" \/>\n<meta property=\"og:site_name\" content=\"Thomas Portugal\" \/>\n<meta property=\"article:modified_time\" content=\"2026-02-23T14:34:46+00:00\" \/>\n<meta property=\"og:image\" content=\"https:\/\/thomasportugal.com\/wp-content\/plugins\/wpforms-lite\/assets\/images\/submit-spin.svg\" \/>\n<meta name=\"twitter:card\" content=\"summary_large_image\" \/>\n<meta name=\"twitter:label1\" content=\"Estimated reading time\" \/>\n\t<meta name=\"twitter:data1\" content=\"1 minute\" \/>\n<script type=\"application\/ld+json\" class=\"yoast-schema-graph\">{\"@context\":\"https:\/\/schema.org\",\"@graph\":[{\"@type\":\"WebPage\",\"@id\":\"https:\/\/thomasportugal.com\/contactos\/\",\"url\":\"https:\/\/thomasportugal.com\/contactos\/\",\"name\":\"Contactos - Thomas Portugal\",\"isPartOf\":{\"@id\":\"https:\/\/thomasportugal.com\/#website\"},\"primaryImageOfPage\":{\"@id\":\"https:\/\/thomasportugal.com\/contactos\/#primaryimage\"},\"image\":{\"@id\":\"https:\/\/thomasportugal.com\/contactos\/#primaryimage\"},\"thumbnailUrl\":\"https:\/\/thomasportugal.com\/wp-content\/plugins\/wpforms-lite\/assets\/images\/submit-spin.svg\",\"datePublished\":\"2024-05-29T08:14:28+00:00\",\"dateModified\":\"2026-02-23T14:34:46+00:00\",\"description\":\"Contactos Thomas | Com uma equipa sempre disposta a ajudar, estamos \u00e0 dist\u00e2ncia de um contacto para que possa ter o melhor servi\u00e7o e produto\",\"breadcrumb\":{\"@id\":\"https:\/\/thomasportugal.com\/contactos\/#breadcrumb\"},\"inLanguage\":\"en-GB\",\"potentialAction\":[{\"@type\":\"ReadAction\",\"target\":[\"https:\/\/thomasportugal.com\/contactos\/\"]}]},{\"@type\":\"ImageObject\",\"inLanguage\":\"en-GB\",\"@id\":\"https:\/\/thomasportugal.com\/contactos\/#primaryimage\",\"url\":\"https:\/\/thomasportugal.com\/wp-content\/plugins\/wpforms-lite\/assets\/images\/submit-spin.svg\",\"contentUrl\":\"https:\/\/thomasportugal.com\/wp-content\/plugins\/wpforms-lite\/assets\/images\/submit-spin.svg\"},{\"@type\":\"BreadcrumbList\",\"@id\":\"https:\/\/thomasportugal.com\/contactos\/#breadcrumb\",\"itemListElement\":[{\"@type\":\"ListItem\",\"position\":1,\"name\":\"Home\",\"item\":\"https:\/\/thomasportugal.com\/\"},{\"@type\":\"ListItem\",\"position\":2,\"name\":\"Contactos\"}]},{\"@type\":\"WebSite\",\"@id\":\"https:\/\/thomasportugal.com\/#website\",\"url\":\"https:\/\/thomasportugal.com\/\",\"name\":\"Thomas Portugal\",\"description\":\"\",\"potentialAction\":[{\"@type\":\"SearchAction\",\"target\":{\"@type\":\"EntryPoint\",\"urlTemplate\":\"https:\/\/thomasportugal.com\/?s={search_term_string}\"},\"query-input\":{\"@type\":\"PropertyValueSpecification\",\"valueRequired\":true,\"valueName\":\"search_term_string\"}}],\"inLanguage\":\"en-GB\"}]}<\/script>\n<!-- \/ Yoast SEO plugin. -->","yoast_head_json":{"title":"Contactos - Thomas Portugal","description":"Contactos Thomas | Com uma equipa sempre disposta a ajudar, estamos \u00e0 dist\u00e2ncia de um contacto para que possa ter o melhor servi\u00e7o e produto","robots":{"index":"index","follow":"follow","max-snippet":"max-snippet:-1","max-image-preview":"max-image-preview:large","max-video-preview":"max-video-preview:-1"},"canonical":"https:\/\/thomasportugal.com\/en\/contactos\/","og_locale":"en_GB","og_type":"article","og_title":"Contactos - Thomas Portugal","og_description":"Contactos Thomas | Com uma equipa sempre disposta a ajudar, estamos \u00e0 dist\u00e2ncia de um contacto para que possa ter o melhor servi\u00e7o e produto","og_url":"https:\/\/thomasportugal.com\/en\/contactos\/","og_site_name":"Thomas Portugal","article_modified_time":"2026-02-23T14:34:46+00:00","og_image":[{"url":"https:\/\/thomasportugal.com\/wp-content\/plugins\/wpforms-lite\/assets\/images\/submit-spin.svg","type":"","width":"","height":""}],"twitter_card":"summary_large_image","twitter_misc":{"Estimated reading time":"1 minute"},"schema":{"@context":"https:\/\/schema.org","@graph":[{"@type":"WebPage","@id":"https:\/\/thomasportugal.com\/contactos\/","url":"https:\/\/thomasportugal.com\/contactos\/","name":"Contactos - Thomas Portugal","isPartOf":{"@id":"https:\/\/thomasportugal.com\/#website"},"primaryImageOfPage":{"@id":"https:\/\/thomasportugal.com\/contactos\/#primaryimage"},"image":{"@id":"https:\/\/thomasportugal.com\/contactos\/#primaryimage"},"thumbnailUrl":"https:\/\/thomasportugal.com\/wp-content\/plugins\/wpforms-lite\/assets\/images\/submit-spin.svg","datePublished":"2024-05-29T08:14:28+00:00","dateModified":"2026-02-23T14:34:46+00:00","description":"Contactos Thomas | Com uma equipa sempre disposta a ajudar, estamos \u00e0 dist\u00e2ncia de um contacto para que possa ter o melhor servi\u00e7o e produto","breadcrumb":{"@id":"https:\/\/thomasportugal.com\/contactos\/#breadcrumb"},"inLanguage":"en-GB","potentialAction":[{"@type":"ReadAction","target":["https:\/\/thomasportugal.com\/contactos\/"]}]},{"@type":"ImageObject","inLanguage":"en-GB","@id":"https:\/\/thomasportugal.com\/contactos\/#primaryimage","url":"https:\/\/thomasportugal.com\/wp-content\/plugins\/wpforms-lite\/assets\/images\/submit-spin.svg","contentUrl":"https:\/\/thomasportugal.com\/wp-content\/plugins\/wpforms-lite\/assets\/images\/submit-spin.svg"},{"@type":"BreadcrumbList","@id":"https:\/\/thomasportugal.com\/contactos\/#breadcrumb","itemListElement":[{"@type":"ListItem","position":1,"name":"Home","item":"https:\/\/thomasportugal.com\/"},{"@type":"ListItem","position":2,"name":"Contactos"}]},{"@type":"WebSite","@id":"https:\/\/thomasportugal.com\/#website","url":"https:\/\/thomasportugal.com\/","name":"Thomas Portugal","description":"","potentialAction":[{"@type":"SearchAction","target":{"@type":"EntryPoint","urlTemplate":"https:\/\/thomasportugal.com\/?s={search_term_string}"},"query-input":{"@type":"PropertyValueSpecification","valueRequired":true,"valueName":"search_term_string"}}],"inLanguage":"en-GB"}]}},"_links":{"self":[{"href":"https:\/\/thomasportugal.com\/en\/wp-json\/wp\/v2\/pages\/13","targetHints":{"allow":["GET"]}}],"collection":[{"href":"https:\/\/thomasportugal.com\/en\/wp-json\/wp\/v2\/pages"}],"about":[{"href":"https:\/\/thomasportugal.com\/en\/wp-json\/wp\/v2\/types\/page"}],"author":[{"embeddable":true,"href":"https:\/\/thomasportugal.com\/en\/wp-json\/wp\/v2\/users\/2"}],"replies":[{"embeddable":true,"href":"https:\/\/thomasportugal.com\/en\/wp-json\/wp\/v2\/comments?post=13"}],"version-history":[{"count":178,"href":"https:\/\/thomasportugal.com\/en\/wp-json\/wp\/v2\/pages\/13\/revisions"}],"predecessor-version":[{"id":10294,"href":"https:\/\/thomasportugal.com\/en\/wp-json\/wp\/v2\/pages\/13\/revisions\/10294"}],"wp:attachment":[{"href":"https:\/\/thomasportugal.com\/en\/wp-json\/wp\/v2\/media?parent=13"}],"curies":[{"name":"wp","href":"https:\/\/api.w.org\/{rel}","templated":true}]}}